{"id":400,"date":"2024-04-18T16:04:45","date_gmt":"2024-04-18T19:04:45","guid":{"rendered":"https:\/\/teleturbo.com.br\/home2\/?page_id=400"},"modified":"2024-10-11T14:59:39","modified_gmt":"2024-10-11T17:59:39","slug":"contato","status":"publish","type":"page","link":"https:\/\/teleturbo.com.br\/home2\/contato\/","title":{"rendered":"Contato"},"content":{"rendered":"\t\t<div data-elementor-type=\"wp-page\" data-elementor-id=\"400\" class=\"elementor elementor-400\" data-elementor-post-type=\"page\">\n\t\t\t\t<div class=\"elementor-element elementor-element-7ede8000 e-flex e-con-boxed e-con e-parent\" data-id=\"7ede8000\" data-element_type=\"container\" data-e-type=\"container\" data-settings=\"{&quot;background_background&quot;:&quot;classic&quot;}\">\n\t\t\t\t\t<div class=\"e-con-inner\">\n\t\t<div class=\"elementor-element elementor-element-70b8481a e-flex e-con-boxed elementor-invisible e-con e-child\" data-id=\"70b8481a\" data-element_type=\"container\" data-e-type=\"container\" data-settings=\"{&quot;animation&quot;:&quot;fadeInDown&quot;}\">\n\t\t\t\t\t<div class=\"e-con-inner\">\n\t\t\t\t<div class=\"elementor-element elementor-element-3c931ff7 elementor-widget elementor-widget-heading\" data-id=\"3c931ff7\" data-element_type=\"widget\" data-e-type=\"widget\" data-widget_type=\"heading.default\">\n\t\t\t\t<div class=\"elementor-widget-container\">\n\t\t\t\t\t<h2 class=\"elementor-heading-title elementor-size-default\">Entre em contato<\/h2>\t\t\t\t<\/div>\n\t\t\t\t<\/div>\n\t\t\t\t\t<\/div>\n\t\t\t\t<\/div>\n\t\t<div class=\"elementor-element elementor-element-5b7729ca e-flex e-con-boxed e-con e-child\" data-id=\"5b7729ca\" data-element_type=\"container\" data-e-type=\"container\">\n\t\t\t\t\t<div class=\"e-con-inner\">\n\t\t<div class=\"elementor-element elementor-element-540119da e-con-full e-flex e-con e-child\" data-id=\"540119da\" data-element_type=\"container\" data-e-type=\"container\" data-settings=\"{&quot;background_background&quot;:&quot;classic&quot;}\">\n\t\t\t\t<div class=\"elementor-element elementor-element-287a2acc elementor-widget elementor-widget-heading\" data-id=\"287a2acc\" data-element_type=\"widget\" data-e-type=\"widget\" data-widget_type=\"heading.default\">\n\t\t\t\t<div class=\"elementor-widget-container\">\n\t\t\t\t\t<h2 class=\"elementor-heading-title elementor-size-default\"><a href=\"https:\/\/teleturbo.com.br\/home2\/home\">HOME<\/a><\/h2>\t\t\t\t<\/div>\n\t\t\t\t<\/div>\n\t\t\t\t<\/div>\n\t\t<div class=\"elementor-element elementor-element-f5715f3 e-con-full e-flex e-con e-child\" data-id=\"f5715f3\" data-element_type=\"container\" data-e-type=\"container\" data-settings=\"{&quot;background_background&quot;:&quot;classic&quot;}\">\n\t\t\t\t<div class=\"elementor-element elementor-element-8b1c814 elementor-widget elementor-widget-heading\" data-id=\"8b1c814\" data-element_type=\"widget\" data-e-type=\"widget\" data-widget_type=\"heading.default\">\n\t\t\t\t<div class=\"elementor-widget-container\">\n\t\t\t\t\t<h2 class=\"elementor-heading-title elementor-size-default\">CONTATO<\/h2>\t\t\t\t<\/div>\n\t\t\t\t<\/div>\n\t\t\t\t<\/div>\n\t\t\t\t\t<\/div>\n\t\t\t\t<\/div>\n\t\t\t\t\t<\/div>\n\t\t\t\t<\/div>\n\t\t<div class=\"elementor-element elementor-element-22e11ee e-flex e-con-boxed e-con e-parent\" data-id=\"22e11ee\" data-element_type=\"container\" data-e-type=\"container\" data-settings=\"{&quot;background_background&quot;:&quot;classic&quot;}\">\n\t\t\t\t\t<div class=\"e-con-inner\">\n\t\t<div class=\"elementor-element elementor-element-6974d82 e-flex e-con-boxed e-con e-child\" data-id=\"6974d82\" data-element_type=\"container\" data-e-type=\"container\">\n\t\t\t\t\t<div class=\"e-con-inner\">\n\t\t<div class=\"elementor-element elementor-element-9e5705a e-con-full e-flex elementor-invisible e-con e-child\" data-id=\"9e5705a\" data-element_type=\"container\" data-e-type=\"container\" data-settings=\"{&quot;animation&quot;:&quot;fadeInLeft&quot;}\">\n\t\t\t\t<div class=\"elementor-element elementor-element-6344870 elementor-widget elementor-widget-image\" data-id=\"6344870\" data-element_type=\"widget\" data-e-type=\"widget\" data-widget_type=\"image.default\">\n\t\t\t\t<div class=\"elementor-widget-container\">\n\t\t\t\t\t\t\t\t\t\t\t\t\t\t\t<img fetchpriority=\"high\" decoding=\"async\" width=\"512\" height=\"512\" src=\"https:\/\/teleturbo.com.br\/home2\/wp-content\/uploads\/2024\/10\/FAVICON.png\" class=\"attachment-full size-full wp-image-1570\" alt=\"\" srcset=\"https:\/\/teleturbo.com.br\/home2\/wp-content\/uploads\/2024\/10\/FAVICON.png 512w, https:\/\/teleturbo.com.br\/home2\/wp-content\/uploads\/2024\/10\/FAVICON-300x300.png 300w, https:\/\/teleturbo.com.br\/home2\/wp-content\/uploads\/2024\/10\/FAVICON-150x150.png 150w\" sizes=\"(max-width: 512px) 100vw, 512px\" \/>\t\t\t\t\t\t\t\t\t\t\t\t\t\t\t<\/div>\n\t\t\t\t<\/div>\n\t\t\t\t<div class=\"elementor-element elementor-element-ad3a004 elementor-widget elementor-widget-heading\" data-id=\"ad3a004\" data-element_type=\"widget\" data-e-type=\"widget\" data-widget_type=\"heading.default\">\n\t\t\t\t<div class=\"elementor-widget-container\">\n\t\t\t\t\t<h2 class=\"elementor-heading-title elementor-size-default\">Entre em contato conosco,\ndeixe suas d\u00favidas, sugest\u00f5es\nou reclama\u00e7\u00f5es.<\/h2>\t\t\t\t<\/div>\n\t\t\t\t<\/div>\n\t\t\t\t<div class=\"elementor-element elementor-element-0483b17 elementor-widget elementor-widget-heading\" data-id=\"0483b17\" data-element_type=\"widget\" data-e-type=\"widget\" data-widget_type=\"heading.default\">\n\t\t\t\t<div class=\"elementor-widget-container\">\n\t\t\t\t\t<h2 class=\"elementor-heading-title elementor-size-default\">Por favor, preencha o formul\u00e1rio e um membro da equipe Teleturbo entrar\u00e1 em contato em breve. Se preferir, fale conosco atrav\u00e9s de um dos canais de atendimento listados abaixo.<\/h2>\t\t\t\t<\/div>\n\t\t\t\t<\/div>\n\t\t\t\t<div class=\"elementor-element elementor-element-e798049 elementor-position-inline-start elementor-widget__width-initial elementor-view-default elementor-mobile-position-block-start elementor-widget elementor-widget-icon-box\" data-id=\"e798049\" data-element_type=\"widget\" data-e-type=\"widget\" data-widget_type=\"icon-box.default\">\n\t\t\t\t<div class=\"elementor-widget-container\">\n\t\t\t\t\t\t\t<div class=\"elementor-icon-box-wrapper\">\n\n\t\t\t\t\t\t<div class=\"elementor-icon-box-icon\">\n\t\t\t\t<a href=\"https:\/\/erp.netway.inf.br\/central_assinante_web\/login\" target=\"_blank\" class=\"elementor-icon\" tabindex=\"-1\" aria-label=\"2\u00aa VIA BOLETO\">\n\t\t\t\t<svg aria-hidden=\"true\" class=\"e-font-icon-svg e-fas-file-invoice-dollar\" viewBox=\"0 0 384 512\" xmlns=\"http:\/\/www.w3.org\/2000\/svg\"><path d=\"M377 105L279.1 7c-4.5-4.5-10.6-7-17-7H256v128h128v-6.1c0-6.3-2.5-12.4-7-16.9zm-153 31V0H24C10.7 0 0 10.7 0 24v464c0 13.3 10.7 24 24 24h336c13.3 0 24-10.7 24-24V160H248c-13.2 0-24-10.8-24-24zM64 72c0-4.42 3.58-8 8-8h80c4.42 0 8 3.58 8 8v16c0 4.42-3.58 8-8 8H72c-4.42 0-8-3.58-8-8V72zm0 80v-16c0-4.42 3.58-8 8-8h80c4.42 0 8 3.58 8 8v16c0 4.42-3.58 8-8 8H72c-4.42 0-8-3.58-8-8zm144 263.88V440c0 4.42-3.58 8-8 8h-16c-4.42 0-8-3.58-8-8v-24.29c-11.29-.58-22.27-4.52-31.37-11.35-3.9-2.93-4.1-8.77-.57-12.14l11.75-11.21c2.77-2.64 6.89-2.76 10.13-.73 3.87 2.42 8.26 3.72 12.82 3.72h28.11c6.5 0 11.8-5.92 11.8-13.19 0-5.95-3.61-11.19-8.77-12.73l-45-13.5c-18.59-5.58-31.58-23.42-31.58-43.39 0-24.52 19.05-44.44 42.67-45.07V232c0-4.42 3.58-8 8-8h16c4.42 0 8 3.58 8 8v24.29c11.29.58 22.27 4.51 31.37 11.35 3.9 2.93 4.1 8.77.57 12.14l-11.75 11.21c-2.77 2.64-6.89 2.76-10.13.73-3.87-2.43-8.26-3.72-12.82-3.72h-28.11c-6.5 0-11.8 5.92-11.8 13.19 0 5.95 3.61 11.19 8.77 12.73l45 13.5c18.59 5.58 31.58 23.42 31.58 43.39 0 24.53-19.05 44.44-42.67 45.07z\"><\/path><\/svg>\t\t\t\t<\/a>\n\t\t\t<\/div>\n\t\t\t\n\t\t\t\t\t\t<div class=\"elementor-icon-box-content\">\n\n\t\t\t\t\t\t\t\t\t<h3 class=\"elementor-icon-box-title\">\n\t\t\t\t\t\t<a href=\"https:\/\/erp.netway.inf.br\/central_assinante_web\/login\" target=\"_blank\" >\n\t\t\t\t\t\t\t2\u00aa VIA BOLETO\t\t\t\t\t\t<\/a>\n\t\t\t\t\t<\/h3>\n\t\t\t\t\n\t\t\t\t\t\t\t\t\t<p class=\"elementor-icon-box-description\">\n\t\t\t\t\t\tAcesse a segunda via do seu boleto de pagamento.\t\t\t\t\t<\/p>\n\t\t\t\t\n\t\t\t<\/div>\n\t\t\t\n\t\t<\/div>\n\t\t\t\t\t\t<\/div>\n\t\t\t\t<\/div>\n\t\t\t\t<div class=\"elementor-element elementor-element-7d18033 elementor-position-inline-start elementor-widget__width-initial elementor-view-default elementor-mobile-position-block-start elementor-widget elementor-widget-icon-box\" data-id=\"7d18033\" data-element_type=\"widget\" data-e-type=\"widget\" data-widget_type=\"icon-box.default\">\n\t\t\t\t<div class=\"elementor-widget-container\">\n\t\t\t\t\t\t\t<div class=\"elementor-icon-box-wrapper\">\n\n\t\t\t\t\t\t<div class=\"elementor-icon-box-icon\">\n\t\t\t\t<a href=\"https:\/\/erp.netway.inf.br\/central_assinante_web\/login\" target=\"_blank\" class=\"elementor-icon\" tabindex=\"-1\" aria-label=\"Minha Teleturbo\">\n\t\t\t\t<i aria-hidden=\"true\" class=\"icomoon icomoon-user\"><\/i>\t\t\t\t<\/a>\n\t\t\t<\/div>\n\t\t\t\n\t\t\t\t\t\t<div class=\"elementor-icon-box-content\">\n\n\t\t\t\t\t\t\t\t\t<h3 class=\"elementor-icon-box-title\">\n\t\t\t\t\t\t<a href=\"https:\/\/erp.netway.inf.br\/central_assinante_web\/login\" target=\"_blank\" >\n\t\t\t\t\t\t\tMinha Teleturbo\t\t\t\t\t\t<\/a>\n\t\t\t\t\t<\/h3>\n\t\t\t\t\n\t\t\t\t\t\t\t\t\t<p class=\"elementor-icon-box-description\">\n\t\t\t\t\t\tAcesse sua \u00e1rea do cliente.\t\t\t\t\t<\/p>\n\t\t\t\t\n\t\t\t<\/div>\n\t\t\t\n\t\t<\/div>\n\t\t\t\t\t\t<\/div>\n\t\t\t\t<\/div>\n\t\t\t\t<div class=\"elementor-element elementor-element-b77b765 elementor-position-inline-start elementor-widget__width-initial elementor-view-default elementor-mobile-position-block-start elementor-widget elementor-widget-icon-box\" data-id=\"b77b765\" data-element_type=\"widget\" data-e-type=\"widget\" data-widget_type=\"icon-box.default\">\n\t\t\t\t<div class=\"elementor-widget-container\">\n\t\t\t\t\t\t\t<div class=\"elementor-icon-box-wrapper\">\n\n\t\t\t\t\t\t<div class=\"elementor-icon-box-icon\">\n\t\t\t\t<a href=\"https:\/\/erp.netway.inf.br\/central_assinante_web\/login\" target=\"_blank\" class=\"elementor-icon\" tabindex=\"-1\" aria-label=\"Alterar dados cadastrais\">\n\t\t\t\t<svg aria-hidden=\"true\" class=\"e-font-icon-svg e-fas-file-alt\" viewBox=\"0 0 384 512\" xmlns=\"http:\/\/www.w3.org\/2000\/svg\"><path d=\"M224 136V0H24C10.7 0 0 10.7 0 24v464c0 13.3 10.7 24 24 24h336c13.3 0 24-10.7 24-24V160H248c-13.2 0-24-10.8-24-24zm64 236c0 6.6-5.4 12-12 12H108c-6.6 0-12-5.4-12-12v-8c0-6.6 5.4-12 12-12h168c6.6 0 12 5.4 12 12v8zm0-64c0 6.6-5.4 12-12 12H108c-6.6 0-12-5.4-12-12v-8c0-6.6 5.4-12 12-12h168c6.6 0 12 5.4 12 12v8zm0-72v8c0 6.6-5.4 12-12 12H108c-6.6 0-12-5.4-12-12v-8c0-6.6 5.4-12 12-12h168c6.6 0 12 5.4 12 12zm96-114.1v6.1H256V0h6.1c6.4 0 12.5 2.5 17 7l97.9 98c4.5 4.5 7 10.6 7 16.9z\"><\/path><\/svg>\t\t\t\t<\/a>\n\t\t\t<\/div>\n\t\t\t\n\t\t\t\t\t\t<div class=\"elementor-icon-box-content\">\n\n\t\t\t\t\t\t\t\t\t<h3 class=\"elementor-icon-box-title\">\n\t\t\t\t\t\t<a href=\"https:\/\/erp.netway.inf.br\/central_assinante_web\/login\" target=\"_blank\" >\n\t\t\t\t\t\t\tAlterar dados cadastrais\t\t\t\t\t\t<\/a>\n\t\t\t\t\t<\/h3>\n\t\t\t\t\n\t\t\t\t\t\t\t\t\t<p class=\"elementor-icon-box-description\">\n\t\t\t\t\t\tAltere seus dados cadastrais.\t\t\t\t\t<\/p>\n\t\t\t\t\n\t\t\t<\/div>\n\t\t\t\n\t\t<\/div>\n\t\t\t\t\t\t<\/div>\n\t\t\t\t<\/div>\n\t\t\t\t<\/div>\n\t\t<div class=\"elementor-element elementor-element-3968134 e-flex e-con-boxed elementor-invisible e-con e-child\" data-id=\"3968134\" data-element_type=\"container\" data-e-type=\"container\" data-settings=\"{&quot;animation&quot;:&quot;fadeInRight&quot;}\">\n\t\t\t\t\t<div class=\"e-con-inner\">\n\t\t\t\t<div class=\"elementor-element elementor-element-3f2b0a8 elementor-button-align-start elementor-widget elementor-widget-form\" data-id=\"3f2b0a8\" data-element_type=\"widget\" data-e-type=\"widget\" data-settings=\"{&quot;step_next_label&quot;:&quot;Next&quot;,&quot;step_previous_label&quot;:&quot;Previous&quot;,&quot;button_width&quot;:&quot;100&quot;,&quot;step_type&quot;:&quot;number_text&quot;,&quot;step_icon_shape&quot;:&quot;circle&quot;}\" data-widget_type=\"form.default\">\n\t\t\t\t<div class=\"elementor-widget-container\">\n\t\t\t\t\t\t\t<form class=\"elementor-form\" method=\"post\" name=\"CONTATO\" novalidate=\"\">\n\t\t\t<input type=\"hidden\" name=\"post_id\" value=\"400\"\/>\n\t\t\t<input type=\"hidden\" name=\"form_id\" value=\"3f2b0a8\"\/>\n\t\t\t<input type=\"hidden\" name=\"referer_title\" value=\"Contato - Teleturbo\" \/>\n\n\t\t\t\t\t\t\t<input type=\"hidden\" name=\"queried_id\" value=\"400\"\/>\n\t\t\t\n\t\t\t<div class=\"elementor-form-fields-wrapper elementor-labels-\">\n\t\t\t\t\t\t\t\t<div class=\"elementor-field-type-select elementor-field-group elementor-column elementor-field-group-field_f9af29f elementor-col-100 elementor-field-required\">\n\t\t\t\t\t\t\t\t\t\t\t\t<label for=\"form-field-field_f9af29f\" class=\"elementor-field-label elementor-screen-only\">\n\t\t\t\t\t\t\t\tAssunto\t\t\t\t\t\t\t<\/label>\n\t\t\t\t\t\t\t\t<div class=\"elementor-field elementor-select-wrapper remove-before \">\n\t\t\t<div class=\"select-caret-down-wrapper\">\n\t\t\t\t<svg aria-hidden=\"true\" class=\"e-font-icon-svg e-eicon-caret-down\" viewBox=\"0 0 571.4 571.4\" xmlns=\"http:\/\/www.w3.org\/2000\/svg\"><path d=\"M571 393Q571 407 561 418L311 668Q300 679 286 679T261 668L11 418Q0 407 0 393T11 368 36 357H536Q550 357 561 368T571 393Z\"><\/path><\/svg>\t\t\t<\/div>\n\t\t\t<select name=\"form_fields[field_f9af29f]\" id=\"form-field-field_f9af29f\" class=\"elementor-field-textual elementor-size-lg\" required=\"required\">\n\t\t\t\t\t\t\t\t\t<option value=\"Assunto\">Assunto<\/option>\n\t\t\t\t\t\t\t\t\t<option value=\"Comercial\">Comercial<\/option>\n\t\t\t\t\t\t\t\t\t<option value=\"Agendamento\">Agendamento<\/option>\n\t\t\t\t\t\t\t\t\t<option value=\"Suporte t\u00e9cnico\">Suporte t\u00e9cnico<\/option>\n\t\t\t\t\t\t\t\t\t<option value=\"Migra\u00e7\u00e3o\">Migra\u00e7\u00e3o<\/option>\n\t\t\t\t\t\t\t<\/select>\n\t\t<\/div>\n\t\t\t\t\t\t<\/div>\n\t\t\t\t\t\t\t\t<div class=\"elementor-field-type-text elementor-field-group elementor-column elementor-field-group-email elementor-col-100 elementor-field-required\">\n\t\t\t\t\t\t\t\t\t\t\t\t<label for=\"form-field-email\" class=\"elementor-field-label elementor-screen-only\">\n\t\t\t\t\t\t\t\tNome\t\t\t\t\t\t\t<\/label>\n\t\t\t\t\t\t\t\t\t\t\t\t\t\t<input size=\"1\" type=\"text\" name=\"form_fields[email]\" id=\"form-field-email\" class=\"elementor-field elementor-size-lg  elementor-field-textual\" placeholder=\"Nome Completo\" required=\"required\">\n\t\t\t\t\t\t\t\t\t\t\t<\/div>\n\t\t\t\t\t\t\t\t<div class=\"elementor-field-type-text elementor-field-group elementor-column elementor-field-group-field_a70fa69 elementor-col-50 elementor-field-required\">\n\t\t\t\t\t\t\t\t\t\t\t\t<label for=\"form-field-field_a70fa69\" class=\"elementor-field-label elementor-screen-only\">\n\t\t\t\t\t\t\t\tTelefone\t\t\t\t\t\t\t<\/label>\n\t\t\t\t\t\t\t\t\t\t\t\t\t\t<input size=\"1\" type=\"text\" name=\"form_fields[field_a70fa69]\" id=\"form-field-field_a70fa69\" class=\"elementor-field elementor-size-lg  elementor-field-textual\" placeholder=\"WhatsApp\" required=\"required\">\n\t\t\t\t\t\t\t\t\t\t\t<\/div>\n\t\t\t\t\t\t\t\t<div class=\"elementor-field-type-email elementor-field-group elementor-column elementor-field-group-field_79faf99 elementor-col-50 elementor-field-required\">\n\t\t\t\t\t\t\t\t\t\t\t\t<label for=\"form-field-field_79faf99\" class=\"elementor-field-label elementor-screen-only\">\n\t\t\t\t\t\t\t\tE-mail\t\t\t\t\t\t\t<\/label>\n\t\t\t\t\t\t\t\t\t\t\t\t\t\t<input size=\"1\" type=\"email\" name=\"form_fields[field_79faf99]\" id=\"form-field-field_79faf99\" class=\"elementor-field elementor-size-lg  elementor-field-textual\" placeholder=\"E-mail\" required=\"required\">\n\t\t\t\t\t\t\t\t\t\t\t<\/div>\n\t\t\t\t\t\t\t\t<div class=\"elementor-field-type-text elementor-field-group elementor-column elementor-field-group-field_544a7b8 elementor-col-50 elementor-field-required\">\n\t\t\t\t\t\t\t\t\t\t\t\t<label for=\"form-field-field_544a7b8\" class=\"elementor-field-label elementor-screen-only\">\n\t\t\t\t\t\t\t\tCPF ou CNPJ\t\t\t\t\t\t\t<\/label>\n\t\t\t\t\t\t\t\t\t\t\t\t\t\t<input size=\"1\" type=\"text\" name=\"form_fields[field_544a7b8]\" id=\"form-field-field_544a7b8\" class=\"elementor-field elementor-size-lg  elementor-field-textual\" placeholder=\"CPF ou CNPJ\" required=\"required\">\n\t\t\t\t\t\t\t\t\t\t\t<\/div>\n\t\t\t\t\t\t\t\t<div class=\"elementor-field-type-text elementor-field-group elementor-column elementor-field-group-field_ecbade1 elementor-col-50 elementor-field-required\">\n\t\t\t\t\t\t\t\t\t\t\t\t<label for=\"form-field-field_ecbade1\" class=\"elementor-field-label elementor-screen-only\">\n\t\t\t\t\t\t\t\tCidade\t\t\t\t\t\t\t<\/label>\n\t\t\t\t\t\t\t\t\t\t\t\t\t\t<input size=\"1\" type=\"text\" name=\"form_fields[field_ecbade1]\" id=\"form-field-field_ecbade1\" class=\"elementor-field elementor-size-lg  elementor-field-textual\" placeholder=\"Cidade\" required=\"required\">\n\t\t\t\t\t\t\t\t\t\t\t<\/div>\n\t\t\t\t\t\t\t\t<div class=\"elementor-field-type-textarea elementor-field-group elementor-column elementor-field-group-field_2ed6047 elementor-col-100 elementor-field-required\">\n\t\t\t\t\t\t\t\t\t\t\t\t<label for=\"form-field-field_2ed6047\" class=\"elementor-field-label elementor-screen-only\">\n\t\t\t\t\t\t\t\tMensagem\t\t\t\t\t\t\t<\/label>\n\t\t\t\t\t\t<textarea class=\"elementor-field-textual elementor-field  elementor-size-lg\" name=\"form_fields[field_2ed6047]\" id=\"form-field-field_2ed6047\" rows=\"3\" placeholder=\"Digite sua mensagem\" required=\"required\"><\/textarea>\t\t\t\t<\/div>\n\t\t\t\t\t\t\t\t<div class=\"elementor-field-group elementor-column elementor-field-type-submit elementor-col-100 e-form__buttons\">\n\t\t\t\t\t<button class=\"elementor-button elementor-size-md\" type=\"submit\">\n\t\t\t\t\t\t<span class=\"elementor-button-content-wrapper\">\n\t\t\t\t\t\t\t\t\t\t\t\t\t\t\t\t\t\t\t\t\t\t<span class=\"elementor-button-text\">Enviar mensagem<\/span>\n\t\t\t\t\t\t\t\t\t\t\t\t\t<\/span>\n\t\t\t\t\t<\/button>\n\t\t\t\t<\/div>\n\t\t\t<\/div>\n\t\t<\/form>\n\t\t\t\t\t\t<\/div>\n\t\t\t\t<\/div>\n\t\t\t\t\t<\/div>\n\t\t\t\t<\/div>\n\t\t\t\t\t<\/div>\n\t\t\t\t<\/div>\n\t\t\t\t\t<\/div>\n\t\t\t\t<\/div>\n\t\t\t\t<\/div>\n\t\t","protected":false},"excerpt":{"rendered":"<p>Entre em contato HOME CONTATO Entre em contato conosco, deixe suas d\u00favidas, sugest\u00f5es ou reclama\u00e7\u00f5es. Por favor, preencha o formul\u00e1rio e um membro da equipe Teleturbo entrar\u00e1 em contato em breve. Se preferir, fale conosco atrav\u00e9s de um dos canais de atendimento listados abaixo. 2\u00aa VIA BOLETO Acesse a segunda via do seu boleto de [&hellip;]<\/p>\n","protected":false},"author":1,"featured_media":0,"parent":0,"menu_order":0,"comment_status":"closed","ping_status":"closed","template":"elementor_header_footer","meta":{"_joinchat":[],"footnotes":""},"class_list":["post-400","page","type-page","status-publish","hentry"],"yoast_head":"<!-- This site is optimized with the Yoast SEO plugin v27.4 - https:\/\/yoast.com\/product\/yoast-seo-wordpress\/ -->\n<title>Contato - Teleturbo<\/title>\n<meta name=\"description\" content=\"Internet 100% fibra com um combo de benef\u00edcios e vantagens. Conhe\u00e7a a internet que joga junto com voc\u00ea. Acesse e conhe\u00e7a nossos planos!\" \/>\n<meta name=\"robots\" content=\"index, follow, max-snippet:-1, max-image-preview:large, max-video-preview:-1\" \/>\n<link rel=\"canonical\" href=\"https:\/\/teleturbo.com.br\/home2\/contato\/\" \/>\n<meta property=\"og:locale\" content=\"pt_BR\" \/>\n<meta property=\"og:type\" content=\"article\" \/>\n<meta property=\"og:title\" content=\"Contato - Teleturbo\" \/>\n<meta property=\"og:description\" content=\"Internet 100% fibra com um combo de benef\u00edcios e vantagens. Conhe\u00e7a a internet que joga junto com voc\u00ea. Acesse e conhe\u00e7a nossos planos!\" \/>\n<meta property=\"og:url\" content=\"https:\/\/teleturbo.com.br\/home2\/contato\/\" \/>\n<meta property=\"og:site_name\" content=\"Teleturbo\" \/>\n<meta property=\"article:modified_time\" content=\"2024-10-11T17:59:39+00:00\" \/>\n<meta property=\"og:image\" content=\"https:\/\/teleturbo.com.br\/home2\/wp-content\/uploads\/2024\/10\/FAVICON.png\" \/>\n\t<meta property=\"og:image:width\" content=\"512\" \/>\n\t<meta property=\"og:image:height\" content=\"512\" \/>\n\t<meta property=\"og:image:type\" content=\"image\/png\" \/>\n<meta name=\"twitter:card\" content=\"summary_large_image\" \/>\n<meta name=\"twitter:label1\" content=\"Est. tempo de leitura\" \/>\n\t<meta name=\"twitter:data1\" content=\"1 minuto\" \/>\n<script type=\"application\/ld+json\" class=\"yoast-schema-graph\">{\"@context\":\"https:\\\/\\\/schema.org\",\"@graph\":[{\"@type\":\"WebPage\",\"@id\":\"https:\\\/\\\/teleturbo.com.br\\\/home2\\\/contato\\\/\",\"url\":\"https:\\\/\\\/teleturbo.com.br\\\/home2\\\/contato\\\/\",\"name\":\"Contato - Teleturbo\",\"isPartOf\":{\"@id\":\"https:\\\/\\\/teleturbo.com.br\\\/home2\\\/#website\"},\"primaryImageOfPage\":{\"@id\":\"https:\\\/\\\/teleturbo.com.br\\\/home2\\\/contato\\\/#primaryimage\"},\"image\":{\"@id\":\"https:\\\/\\\/teleturbo.com.br\\\/home2\\\/contato\\\/#primaryimage\"},\"thumbnailUrl\":\"https:\\\/\\\/teleturbo.com.br\\\/home2\\\/wp-content\\\/uploads\\\/2024\\\/10\\\/FAVICON.png\",\"datePublished\":\"2024-04-18T19:04:45+00:00\",\"dateModified\":\"2024-10-11T17:59:39+00:00\",\"description\":\"Internet 100% fibra com um combo de benef\u00edcios e vantagens. Conhe\u00e7a a internet que joga junto com voc\u00ea. Acesse e conhe\u00e7a nossos planos!\",\"breadcrumb\":{\"@id\":\"https:\\\/\\\/teleturbo.com.br\\\/home2\\\/contato\\\/#breadcrumb\"},\"inLanguage\":\"pt-BR\",\"potentialAction\":[{\"@type\":\"ReadAction\",\"target\":[\"https:\\\/\\\/teleturbo.com.br\\\/home2\\\/contato\\\/\"]}]},{\"@type\":\"ImageObject\",\"inLanguage\":\"pt-BR\",\"@id\":\"https:\\\/\\\/teleturbo.com.br\\\/home2\\\/contato\\\/#primaryimage\",\"url\":\"https:\\\/\\\/teleturbo.com.br\\\/home2\\\/wp-content\\\/uploads\\\/2024\\\/10\\\/FAVICON.png\",\"contentUrl\":\"https:\\\/\\\/teleturbo.com.br\\\/home2\\\/wp-content\\\/uploads\\\/2024\\\/10\\\/FAVICON.png\",\"width\":512,\"height\":512},{\"@type\":\"BreadcrumbList\",\"@id\":\"https:\\\/\\\/teleturbo.com.br\\\/home2\\\/contato\\\/#breadcrumb\",\"itemListElement\":[{\"@type\":\"ListItem\",\"position\":1,\"name\":\"In\u00edcio\",\"item\":\"https:\\\/\\\/teleturbo.com.br\\\/home2\\\/\"},{\"@type\":\"ListItem\",\"position\":2,\"name\":\"Contato\"}]},{\"@type\":\"WebSite\",\"@id\":\"https:\\\/\\\/teleturbo.com.br\\\/home2\\\/#website\",\"url\":\"https:\\\/\\\/teleturbo.com.br\\\/home2\\\/\",\"name\":\"Teleturbo\",\"description\":\"Tudo conectado!\",\"potentialAction\":[{\"@type\":\"SearchAction\",\"target\":{\"@type\":\"EntryPoint\",\"urlTemplate\":\"https:\\\/\\\/teleturbo.com.br\\\/home2\\\/?s={search_term_string}\"},\"query-input\":{\"@type\":\"PropertyValueSpecification\",\"valueRequired\":true,\"valueName\":\"search_term_string\"}}],\"inLanguage\":\"pt-BR\"}]}<\/script>\n<!-- \/ Yoast SEO plugin. -->","yoast_head_json":{"title":"Contato - Teleturbo","description":"Internet 100% fibra com um combo de benef\u00edcios e vantagens. Conhe\u00e7a a internet que joga junto com voc\u00ea. Acesse e conhe\u00e7a nossos planos!","robots":{"index":"index","follow":"follow","max-snippet":"max-snippet:-1","max-image-preview":"max-image-preview:large","max-video-preview":"max-video-preview:-1"},"canonical":"https:\/\/teleturbo.com.br\/home2\/contato\/","og_locale":"pt_BR","og_type":"article","og_title":"Contato - Teleturbo","og_description":"Internet 100% fibra com um combo de benef\u00edcios e vantagens. Conhe\u00e7a a internet que joga junto com voc\u00ea. Acesse e conhe\u00e7a nossos planos!","og_url":"https:\/\/teleturbo.com.br\/home2\/contato\/","og_site_name":"Teleturbo","article_modified_time":"2024-10-11T17:59:39+00:00","og_image":[{"width":512,"height":512,"url":"https:\/\/teleturbo.com.br\/home2\/wp-content\/uploads\/2024\/10\/FAVICON.png","type":"image\/png"}],"twitter_card":"summary_large_image","twitter_misc":{"Est. tempo de leitura":"1 minuto"},"schema":{"@context":"https:\/\/schema.org","@graph":[{"@type":"WebPage","@id":"https:\/\/teleturbo.com.br\/home2\/contato\/","url":"https:\/\/teleturbo.com.br\/home2\/contato\/","name":"Contato - Teleturbo","isPartOf":{"@id":"https:\/\/teleturbo.com.br\/home2\/#website"},"primaryImageOfPage":{"@id":"https:\/\/teleturbo.com.br\/home2\/contato\/#primaryimage"},"image":{"@id":"https:\/\/teleturbo.com.br\/home2\/contato\/#primaryimage"},"thumbnailUrl":"https:\/\/teleturbo.com.br\/home2\/wp-content\/uploads\/2024\/10\/FAVICON.png","datePublished":"2024-04-18T19:04:45+00:00","dateModified":"2024-10-11T17:59:39+00:00","description":"Internet 100% fibra com um combo de benef\u00edcios e vantagens. Conhe\u00e7a a internet que joga junto com voc\u00ea. Acesse e conhe\u00e7a nossos planos!","breadcrumb":{"@id":"https:\/\/teleturbo.com.br\/home2\/contato\/#breadcrumb"},"inLanguage":"pt-BR","potentialAction":[{"@type":"ReadAction","target":["https:\/\/teleturbo.com.br\/home2\/contato\/"]}]},{"@type":"ImageObject","inLanguage":"pt-BR","@id":"https:\/\/teleturbo.com.br\/home2\/contato\/#primaryimage","url":"https:\/\/teleturbo.com.br\/home2\/wp-content\/uploads\/2024\/10\/FAVICON.png","contentUrl":"https:\/\/teleturbo.com.br\/home2\/wp-content\/uploads\/2024\/10\/FAVICON.png","width":512,"height":512},{"@type":"BreadcrumbList","@id":"https:\/\/teleturbo.com.br\/home2\/contato\/#breadcrumb","itemListElement":[{"@type":"ListItem","position":1,"name":"In\u00edcio","item":"https:\/\/teleturbo.com.br\/home2\/"},{"@type":"ListItem","position":2,"name":"Contato"}]},{"@type":"WebSite","@id":"https:\/\/teleturbo.com.br\/home2\/#website","url":"https:\/\/teleturbo.com.br\/home2\/","name":"Teleturbo","description":"Tudo conectado!","potentialAction":[{"@type":"SearchAction","target":{"@type":"EntryPoint","urlTemplate":"https:\/\/teleturbo.com.br\/home2\/?s={search_term_string}"},"query-input":{"@type":"PropertyValueSpecification","valueRequired":true,"valueName":"search_term_string"}}],"inLanguage":"pt-BR"}]}},"_links":{"self":[{"href":"https:\/\/teleturbo.com.br\/home2\/wp-json\/wp\/v2\/pages\/400","targetHints":{"allow":["GET"]}}],"collection":[{"href":"https:\/\/teleturbo.com.br\/home2\/wp-json\/wp\/v2\/pages"}],"about":[{"href":"https:\/\/teleturbo.com.br\/home2\/wp-json\/wp\/v2\/types\/page"}],"author":[{"embeddable":true,"href":"https:\/\/teleturbo.com.br\/home2\/wp-json\/wp\/v2\/users\/1"}],"replies":[{"embeddable":true,"href":"https:\/\/teleturbo.com.br\/home2\/wp-json\/wp\/v2\/comments?post=400"}],"version-history":[{"count":20,"href":"https:\/\/teleturbo.com.br\/home2\/wp-json\/wp\/v2\/pages\/400\/revisions"}],"predecessor-version":[{"id":1632,"href":"https:\/\/teleturbo.com.br\/home2\/wp-json\/wp\/v2\/pages\/400\/revisions\/1632"}],"wp:attachment":[{"href":"https:\/\/teleturbo.com.br\/home2\/wp-json\/wp\/v2\/media?parent=400"}],"curies":[{"name":"wp","href":"https:\/\/api.w.org\/{rel}","templated":true}]}}